{"id":12,"date":"2025-01-07T12:59:38","date_gmt":"2025-01-07T12:59:38","guid":{"rendered":"http:\/\/danmejki.pl\/?page_id=12"},"modified":"2025-01-07T13:55:52","modified_gmt":"2025-01-07T13:55:52","slug":"homepage","status":"publish","type":"page","link":"https:\/\/danmejki.pl\/","title":{"rendered":"Witajcie kultywatorzy!"},"content":{"rendered":"\n<div class=\"wp-block-group alignfull has-global-padding is-layout-constrained wp-container-core-group-is-layout-b33cb348 wp-block-group-is-layout-constrained\" style=\"min-height:0vh;margin-top:0;margin-bottom:0;padding-top:var(--wp--preset--spacing--70);padding-right:var(--wp--preset--spacing--40);padding-bottom:var(--wp--preset--spacing--70);padding-left:var(--wp--preset--spacing--40)\">\n<div class=\"wp-block-group has-global-padding is-layout-constrained wp-container-core-group-is-layout-346627ba wp-block-group-is-layout-constrained\">\n<h2 class=\"wp-block-heading has-text-align-center has-xx-large-font-size\" style=\"margin-right:0;margin-left:0;padding-right:0;padding-left:0\">Pusto tu&#8230; NA RAZIE<\/h2>\n\n\n\n<p class=\"has-text-align-center\">W zwi\u0105zku z przenosinami sklepu z platformy na platform\u0119 strona danmejki.pl jest troch\u0119 uboga, ale niebawem wr\u00f3cimy z pe\u0142n\u0105 ofert\u0105. Na razie zapraszam na instagram danmejki: znajdziecie tam instrukcj\u0119 jak zamawia\u0107 i mini-katalog herbaty. <\/p>\n<\/div>\n<\/div>\n\n\n\n<div class=\"wp-block-group alignfull is-style-section-1 has-global-padding is-layout-constrained wp-block-group-is-layout-constrained is-style-section-1--1\" style=\"margin-top:0;margin-bottom:0;padding-top:var(--wp--preset--spacing--80);padding-bottom:var(--wp--preset--spacing--80)\">\n<div class=\"wp-block-columns alignwide is-layout-flex wp-container-core-columns-is-layout-66fad18a wp-block-columns-is-layout-flex\">\n<div class=\"wp-block-column is-vertically-aligned-bottom is-style-default is-layout-flow wp-block-column-is-layout-flow\" style=\"padding-right:var(--wp--preset--spacing--50);flex-basis:100%\">\n<figure class=\"wp-block-gallery has-nested-images columns-2 wp-block-gallery-2 is-layout-flex wp-block-gallery-is-layout-flex\">\n<figure class=\"wp-block-image size-medium\"><img loading=\"lazy\" decoding=\"async\" width=\"300\" height=\"300\" data-id=\"28\" src=\"http:\/\/danmejki.pl\/wp-content\/uploads\/2025\/01\/DSC02853_2-300x300.jpg\" alt=\"\" class=\"wp-image-28\" srcset=\"https:\/\/danmejki.pl\/wp-content\/uploads\/2025\/01\/DSC02853_2-300x300.jpg 300w, https:\/\/danmejki.pl\/wp-content\/uploads\/2025\/01\/DSC02853_2-1024x1024.jpg 1024w, https:\/\/danmejki.pl\/wp-content\/uploads\/2025\/01\/DSC02853_2-150x150.jpg 150w, https:\/\/danmejki.pl\/wp-content\/uploads\/2025\/01\/DSC02853_2-768x768.jpg 768w, https:\/\/danmejki.pl\/wp-content\/uploads\/2025\/01\/DSC02853_2-1536x1536.jpg 1536w, https:\/\/danmejki.pl\/wp-content\/uploads\/2025\/01\/DSC02853_2-2048x2048.jpg 2048w\" sizes=\"auto, (max-width: 300px) 100vw, 300px\" \/><\/figure>\n\n\n\n<figure class=\"wp-block-image size-medium\"><img loading=\"lazy\" decoding=\"async\" width=\"300\" height=\"300\" data-id=\"42\" src=\"http:\/\/danmejki.pl\/wp-content\/uploads\/2025\/01\/DSC02690_2-300x300.jpg\" alt=\"\" class=\"wp-image-42\" srcset=\"https:\/\/danmejki.pl\/wp-content\/uploads\/2025\/01\/DSC02690_2-300x300.jpg 300w, https:\/\/danmejki.pl\/wp-content\/uploads\/2025\/01\/DSC02690_2-1024x1024.jpg 1024w, https:\/\/danmejki.pl\/wp-content\/uploads\/2025\/01\/DSC02690_2-150x150.jpg 150w, https:\/\/danmejki.pl\/wp-content\/uploads\/2025\/01\/DSC02690_2-768x768.jpg 768w, https:\/\/danmejki.pl\/wp-content\/uploads\/2025\/01\/DSC02690_2-1536x1536.jpg 1536w, https:\/\/danmejki.pl\/wp-content\/uploads\/2025\/01\/DSC02690_2-2048x2048.jpg 2048w\" sizes=\"auto, (max-width: 300px) 100vw, 300px\" \/><\/figure>\n\n\n\n<figure class=\"wp-block-image size-medium\"><img loading=\"lazy\" decoding=\"async\" width=\"300\" height=\"300\" data-id=\"24\" src=\"http:\/\/danmejki.pl\/wp-content\/uploads\/2025\/01\/DSC02827_2-300x300.jpg\" alt=\"\" class=\"wp-image-24\" srcset=\"https:\/\/danmejki.pl\/wp-content\/uploads\/2025\/01\/DSC02827_2-300x300.jpg 300w, https:\/\/danmejki.pl\/wp-content\/uploads\/2025\/01\/DSC02827_2-1024x1024.jpg 1024w, https:\/\/danmejki.pl\/wp-content\/uploads\/2025\/01\/DSC02827_2-150x150.jpg 150w, https:\/\/danmejki.pl\/wp-content\/uploads\/2025\/01\/DSC02827_2-768x768.jpg 768w, https:\/\/danmejki.pl\/wp-content\/uploads\/2025\/01\/DSC02827_2-1536x1536.jpg 1536w, https:\/\/danmejki.pl\/wp-content\/uploads\/2025\/01\/DSC02827_2-2048x2048.jpg 2048w\" sizes=\"auto, (max-width: 300px) 100vw, 300px\" \/><\/figure>\n\n\n\n<figure class=\"wp-block-image size-medium\"><img loading=\"lazy\" decoding=\"async\" width=\"300\" height=\"300\" data-id=\"25\" src=\"http:\/\/danmejki.pl\/wp-content\/uploads\/2025\/01\/DSC02846_2-300x300.jpg\" alt=\"\" class=\"wp-image-25\" srcset=\"https:\/\/danmejki.pl\/wp-content\/uploads\/2025\/01\/DSC02846_2-300x300.jpg 300w, https:\/\/danmejki.pl\/wp-content\/uploads\/2025\/01\/DSC02846_2-1024x1024.jpg 1024w, https:\/\/danmejki.pl\/wp-content\/uploads\/2025\/01\/DSC02846_2-150x150.jpg 150w, https:\/\/danmejki.pl\/wp-content\/uploads\/2025\/01\/DSC02846_2-768x768.jpg 768w, https:\/\/danmejki.pl\/wp-content\/uploads\/2025\/01\/DSC02846_2-1536x1536.jpg 1536w, https:\/\/danmejki.pl\/wp-content\/uploads\/2025\/01\/DSC02846_2-2048x2048.jpg 2048w\" sizes=\"auto, (max-width: 300px) 100vw, 300px\" \/><\/figure>\n<\/figure>\n<\/div>\n\n\n\n<div class=\"wp-block-column is-vertically-aligned-center is-layout-flow wp-block-column-is-layout-flow\" style=\"padding-right:0;padding-left:0;flex-basis:80%\">\n<div class=\"wp-block-group is-vertical is-layout-flex wp-container-core-group-is-layout-fe9cc265 wp-block-group-is-layout-flex\">\n<h2 class=\"wp-block-heading has-text-align-center is-style-text-annotation has-x-large-font-size wp-container-content-9cfa9a5a is-style-text-annotation--3\">Nasza Specjalno\u015b\u0107<\/h2>\n<\/div>\n\n\n\n<p class=\"has-text-align-center is-style-text-subtitle has-x-large-font-size is-style-text-subtitle--4\" style=\"padding-top:0;padding-right:0;padding-bottom:0;padding-left:0\">Herbatki inspirowane postaciami i tytu\u0142ami chi\u0144skiej literatury fantastycznej, g\u0142\u00f3wnie o tematyce wuxia i xianxia, z motywem BL<\/p>\n<\/div>\n<\/div>\n<\/div>\n\n\n\n<div class=\"wp-block-group alignfull has-global-padding is-layout-constrained wp-container-core-group-is-layout-ebee8dc1 wp-block-group-is-layout-constrained\" style=\"margin-top:0;margin-bottom:0;padding-top:var(--wp--preset--spacing--50);padding-bottom:var(--wp--preset--spacing--50)\">\n<h2 class=\"wp-block-heading alignwide\">Wi\u0119cej mi\u0142o\u015bci w herbatkach<\/h2>\n\n\n\n<div class=\"wp-block-columns alignwide is-layout-flex wp-container-core-columns-is-layout-28f84493 wp-block-columns-is-layout-flex\">\n<div class=\"wp-block-column is-layout-flow wp-block-column-is-layout-flow\">\n<figure class=\"wp-block-image size-full\" style=\"margin-bottom:24px\"><img loading=\"lazy\" decoding=\"async\" width=\"846\" height=\"564\" src=\"http:\/\/danmejki.pl\/wp-content\/uploads\/2025\/01\/legogimli.png\" alt=\"\" class=\"wp-image-39\" style=\"aspect-ratio:4\/3;object-fit:cover\" srcset=\"https:\/\/danmejki.pl\/wp-content\/uploads\/2025\/01\/legogimli.png 846w, https:\/\/danmejki.pl\/wp-content\/uploads\/2025\/01\/legogimli-300x200.png 300w, https:\/\/danmejki.pl\/wp-content\/uploads\/2025\/01\/legogimli-768x512.png 768w\" sizes=\"auto, (max-width: 846px) 100vw, 846px\" \/><\/figure>\n\n\n\n<h3 class=\"wp-block-heading has-text-align-center\">Zabawne spojrzenie na popkultur\u0119<\/h3>\n\n\n\n<p class=\"has-text-align-center has-medium-font-size\">Z przymru\u017ceniem oka na klasyk\u0119 literatury i filmu. Niekt\u00f3re postacie s\u0105 zbyt doskona\u0142ym duetem, \u017ceby o nich nie wspomina\u0107.<\/p>\n<\/div>\n\n\n\n<div class=\"wp-block-column is-layout-flow wp-block-column-is-layout-flow\">\n<figure class=\"wp-block-image size-full\" style=\"margin-bottom:24px\"><img loading=\"lazy\" decoding=\"async\" width=\"964\" height=\"551\" src=\"http:\/\/danmejki.pl\/wp-content\/uploads\/2025\/01\/herbata-good-omens.png\" alt=\"\" class=\"wp-image-36\" style=\"aspect-ratio:4\/3;object-fit:cover\" srcset=\"https:\/\/danmejki.pl\/wp-content\/uploads\/2025\/01\/herbata-good-omens.png 964w, https:\/\/danmejki.pl\/wp-content\/uploads\/2025\/01\/herbata-good-omens-300x171.png 300w, https:\/\/danmejki.pl\/wp-content\/uploads\/2025\/01\/herbata-good-omens-768x439.png 768w\" sizes=\"auto, (max-width: 964px) 100vw, 964px\" \/><\/figure>\n\n\n\n<h3 class=\"wp-block-heading has-text-align-center\">Bait canon<\/h3>\n\n\n\n<p class=\"has-medium-font-size\">Wszyscy wiedz\u0105, \u017ce to para, ale nie wolno tego powiedzie\u0107 na g\u0142os, hasztag hipokryzja, bo jeszcze &#8222;dzieci si\u0119 zdeprawuj\u0105.&#8221;<\/p>\n<\/div>\n\n\n\n<div class=\"wp-block-column is-layout-flow wp-block-column-is-layout-flow\">\n<figure class=\"wp-block-image size-full\" style=\"margin-bottom:24px\"><img loading=\"lazy\" decoding=\"async\" width=\"846\" height=\"564\" src=\"http:\/\/danmejki.pl\/wp-content\/uploads\/2025\/01\/etykietka-vashwood.png\" alt=\"\" class=\"wp-image-38\" style=\"aspect-ratio:4\/3;object-fit:cover\" srcset=\"https:\/\/danmejki.pl\/wp-content\/uploads\/2025\/01\/etykietka-vashwood.png 846w, https:\/\/danmejki.pl\/wp-content\/uploads\/2025\/01\/etykietka-vashwood-300x200.png 300w, https:\/\/danmejki.pl\/wp-content\/uploads\/2025\/01\/etykietka-vashwood-768x512.png 768w\" sizes=\"auto, (max-width: 846px) 100vw, 846px\" \/><\/figure>\n\n\n\n<h3 class=\"wp-block-heading has-text-align-center\">Headcanon<\/h3>\n\n\n\n<p class=\"has-text-align-center has-medium-font-size\">Kanon stworzony przez fan\u00f3w, kt\u00f3ry ma wszelkie podstawy, by by\u0107 prawdziwy, ale jako\u015b nikt nie wpad\u0142 na to, by to potwierdzi\u0107.<\/p>\n<\/div>\n<\/div>\n<\/div>\n","protected":false},"excerpt":{"rendered":"<p>Pusto tu&#8230; NA RAZIE W zwi\u0105zku z przenosinami sklepu z platformy na platform\u0119 strona danmejki.pl jest troch\u0119 uboga, ale niebawem wr\u00f3cimy z pe\u0142n\u0105 ofert\u0105. Na razie zapraszam na instagram danmejki: znajdziecie tam instrukcj\u0119 jak zamawia\u0107 i mini-katalog herbaty. Nasza Specjalno\u015b\u0107 Herbatki inspirowane postaciami i tytu\u0142ami chi\u0144skiej literatury fantastycznej, g\u0142\u00f3wnie o tematyce wuxia i xianxia, z [&hellip;]<\/p>\n","protected":false},"author":1,"featured_media":22,"parent":0,"menu_order":0,"comment_status":"closed","ping_status":"closed","template":"","meta":{"footnotes":""},"class_list":["post-12","page","type-page","status-publish","has-post-thumbnail","hentry"],"_links":{"self":[{"href":"https:\/\/danmejki.pl\/index.php?rest_route=\/wp\/v2\/pages\/12","targetHints":{"allow":["GET"]}}],"collection":[{"href":"https:\/\/danmejki.pl\/index.php?rest_route=\/wp\/v2\/pages"}],"about":[{"href":"https:\/\/danmejki.pl\/index.php?rest_route=\/wp\/v2\/types\/page"}],"author":[{"embeddable":true,"href":"https:\/\/danmejki.pl\/index.php?rest_route=\/wp\/v2\/users\/1"}],"replies":[{"embeddable":true,"href":"https:\/\/danmejki.pl\/index.php?rest_route=%2Fwp%2Fv2%2Fcomments&post=12"}],"version-history":[{"count":6,"href":"https:\/\/danmejki.pl\/index.php?rest_route=\/wp\/v2\/pages\/12\/revisions"}],"predecessor-version":[{"id":48,"href":"https:\/\/danmejki.pl\/index.php?rest_route=\/wp\/v2\/pages\/12\/revisions\/48"}],"wp:featuredmedia":[{"embeddable":true,"href":"https:\/\/danmejki.pl\/index.php?rest_route=\/wp\/v2\/media\/22"}],"wp:attachment":[{"href":"https:\/\/danmejki.pl\/index.php?rest_route=%2Fwp%2Fv2%2Fmedia&parent=12"}],"curies":[{"name":"wp","href":"https:\/\/api.w.org\/{rel}","templated":true}]}}